{"id":2040,"date":"2021-03-12T11:57:53","date_gmt":"2021-03-12T11:57:53","guid":{"rendered":"https:\/\/demodemo33.site\/?page_id=2040"},"modified":"2021-03-12T12:09:00","modified_gmt":"2021-03-12T12:09:00","slug":"%d8%b3%d9%8a%d8%a7%d8%b3%d8%a9-%d9%85%d9%84%d9%81%d8%a7%d8%aa-%d8%aa%d8%b9%d8%b1%d9%8a%d9%81-%d8%a7%d9%84%d8%a7%d8%b1%d8%aa%d8%a8%d8%a7%d8%b7","status":"publish","type":"page","link":"https:\/\/demodemo33.site\/ar\/politica-de-cookies\/","title":{"rendered":"\u0633\u064a\u0627\u0633\u0629 \u0645\u0644\u0641\u0627\u062a \u062a\u0639\u0631\u064a\u0641 \u0627\u0644\u0627\u0631\u062a\u0628\u0627\u0637"},"content":{"rendered":"<div id=\"comp-k9pqzwk3\" class=\"_1Z_nJ\" data-testid=\"richTextElement\">\r\n<div id=\"comp-k9pqg038\" class=\"_1Z_nJ\" data-testid=\"richTextElement\">\r\n<h1 class=\"font_4 wp-block-heading\">\u0633\u064a\u0627\u0633\u0629 \u0645\u0644\u0641\u0627\u062a \u062a\u0639\u0631\u064a\u0641 \u0627\u0644\u0627\u0631\u062a\u0628\u0627\u0637<\/h1>\r\n<\/div>\r\n<div id=\"comp-k9pqhexm\" class=\"_1Z_nJ\" data-testid=\"richTextElement\">\r\n<p class=\"font_8\">\u0623\u0641\u0631\u0648\u062f\u064a\u062a\u0627 BCN \u062a\u064f\u0639\u0644\u0645 \u0628\u0634\u0623\u0646 \u0627\u0633\u062a\u062e\u062f\u0627\u0645 \u0645\u0644\u0641\u0627\u062a \u062a\u0639\u0631\u064a\u0641 \u0627\u0644\u0627\u0631\u062a\u0628\u0627\u0637 \u0639\u0644\u0649 \u0645\u0648\u0642\u0639\u0647\u0627 \u0627\u0644\u0625\u0644\u0643\u062a\u0631\u0648\u0646\u064a: afroditabcn.com<\/p>\r\n<\/div>\r\n<div id=\"comp-k9pqo258\" class=\"_1Z_nJ\" data-testid=\"richTextElement\">\r\n<h2 class=\"font_4\">\u0645\u0627 \u0647\u064a \u0645\u0644\u0641\u0627\u062a \u062a\u0639\u0631\u064a\u0641 \u0627\u0644\u0627\u0631\u062a\u0628\u0627\u0637\u061f<\/h2>\r\n<\/div>\r\n<div id=\"comp-k9pqitgb\" class=\"_1Z_nJ\" data-testid=\"richTextElement\">\r\n<p class=\"font_8\">\u0645\u0644\u0641\u0627\u062a \u062a\u0639\u0631\u064a\u0641 \u0627\u0644\u0627\u0631\u062a\u0628\u0627\u0637 \u0647\u064a \u0645\u0644\u0641\u0627\u062a \u064a\u0645\u0643\u0646 \u062a\u0646\u0632\u064a\u0644\u0647\u0627 \u0639\u0644\u0649 \u062c\u0647\u0627\u0632\u0643 \u0639\u0628\u0631 \u0635\u0641\u062d\u0627\u062a \u0627\u0644\u0648\u064a\u0628. \u0648\u0647\u064a \u0623\u062f\u0648\u0627\u062a \u062a\u0624\u062f\u064a \u062f\u0648\u0631\u064b\u0627 \u0623\u0633\u0627\u0633\u064a\u064b\u0627 \u0641\u064a \u062a\u0642\u062f\u064a\u0645 \u0627\u0644\u0639\u062f\u064a\u062f \u0645\u0646 \u062e\u062f\u0645\u0627\u062a \u0645\u062c\u062a\u0645\u0639 \u0627\u0644\u0645\u0639\u0644\u0648\u0645\u0627\u062a. \u0648\u0645\u0646 \u0628\u064a\u0646 \u0623\u0645\u0648\u0631 \u0623\u062e\u0631\u0649\u060c \u062a\u062a\u064a\u062d \u0644\u0635\u0641\u062d\u0629 \u0648\u064a\u0628 \u062a\u062e\u0632\u064a\u0646 \u0648\u0627\u0633\u062a\u0631\u062c\u0627\u0639 \u0645\u0639\u0644\u0648\u0645\u0627\u062a \u062d\u0648\u0644 \u0639\u0627\u062f\u0627\u062a \u062a\u0635\u0641\u062d \u0627\u0644\u0645\u0633\u062a\u062e\u062f\u0645 \u0623\u0648 \u062c\u0647\u0627\u0632\u0647\u060c \u0648\u0628\u0646\u0627\u0621\u064b \u0639\u0644\u0649 \u0627\u0644\u0645\u0639\u0644\u0648\u0645\u0627\u062a \u0627\u0644\u062a\u064a \u064a\u062a\u0645 \u0627\u0644\u062d\u0635\u0648\u0644 \u0639\u0644\u064a\u0647\u0627\u060c \u064a\u0645\u0643\u0646 \u0627\u0633\u062a\u062e\u062f\u0627\u0645\u0647\u0627 \u0644\u0644\u062a\u0639\u0631\u0651\u0641 \u0639\u0644\u0649 \u0627\u0644\u0645\u0633\u062a\u062e\u062f\u0645 \u0648\u062a\u062d\u0633\u064a\u0646 \u0627\u0644\u062e\u062f\u0645\u0629 \u0627\u0644\u0645\u0642\u062f\u0645\u0629.<\/p>\r\n<\/div>\r\n<div id=\"comp-k9pqq9i9\" class=\"_1Z_nJ\" data-testid=\"richTextElement\">\r\n<h2 class=\"font_4\">\u0623\u0646\u0648\u0627\u0639 \u0645\u0644\u0641\u0627\u062a \u062a\u0639\u0631\u064a\u0641 \u0627\u0644\u0627\u0631\u062a\u0628\u0627\u0637<\/h2>\r\n<\/div>\r\n<div id=\"comp-k9pqjr4v\" class=\"_1Z_nJ\" data-testid=\"richTextElement\">\r\n<p class=\"font_8\">\u0648\u0641\u0642\u064b\u0627 \u0644\u0644\u062c\u0647\u0629 \u0627\u0644\u062a\u064a \u062a\u062f\u064a\u0631 \u0627\u0644\u0646\u0637\u0627\u0642 \u0627\u0644\u0630\u064a \u062a\u064f\u0631\u0633\u0644 \u0645\u0646\u0647 \u0645\u0644\u0641\u0627\u062a \u062a\u0639\u0631\u064a\u0641 \u0627\u0644\u0627\u0631\u062a\u0628\u0627\u0637 \u0648\u062a\u062a\u0639\u0627\u0645\u0644 \u0645\u0639 \u0627\u0644\u0628\u064a\u0627\u0646\u0627\u062a \u0627\u0644\u062a\u064a \u064a\u062a\u0645 \u0627\u0644\u062d\u0635\u0648\u0644 \u0639\u0644\u064a\u0647\u0627\u060c \u064a\u0645\u0643\u0646 \u0627\u0644\u062a\u0645\u064a\u064a\u0632 \u0628\u064a\u0646 \u0646\u0648\u0639\u064a\u0646:<\/p>\r\n<p class=\"font_8\">Cookies propias:\u00a0aqu\u00e9llas que se env\u00edan al equipo terminal del usuario desde un equipo o dominio gestionado por el propio editor y desde el que se presta el servicio solicitado por el usuario.<\/p>\r\n<p class=\"font_8\">Cookies de terceros:\u00a0aqu\u00e9llas que se env\u00edan al equipo terminal del usuario desde un equipo o dominio que no es gestionado por el editor, sino por otra entidad que trata los datos obtenidos trav\u00e9s de las cookies.<\/p>\r\n<p class=\"font_8\">\u0641\u064a \u062d\u0627\u0644\u0629 \u062a\u062b\u0628\u064a\u062a \u0645\u0644\u0641\u0627\u062a \u062a\u0639\u0631\u064a\u0641 \u0627\u0644\u0627\u0631\u062a\u0628\u0627\u0637 \u0645\u0646 \u062c\u0647\u0627\u0632 \u0623\u0648 \u0646\u0637\u0627\u0642 \u064a\u062f\u064a\u0631\u0647 \u0627\u0644\u0646\u0627\u0634\u0631 \u0646\u0641\u0633\u0647\u060c \u0648\u0644\u0643\u0646 \u0643\u0627\u0646\u062a \u0627\u0644\u0645\u0639\u0644\u0648\u0645\u0627\u062a \u0627\u0644\u062a\u064a \u064a\u062a\u0645 \u062c\u0645\u0639\u0647\u0627 \u0645\u0646 \u062e\u0644\u0627\u0644\u0647\u0627 \u062a\u064f\u062f\u0627\u0631 \u0628\u0648\u0627\u0633\u0637\u0629 \u0637\u0631\u0641 \u062b\u0627\u0644\u062b\u060c \u0641\u0644\u0627 \u064a\u0645\u0643\u0646 \u0627\u0639\u062a\u0628\u0627\u0631\u0647\u0627 \u0645\u0644\u0641\u0627\u062a \u062a\u0639\u0631\u064a\u0641 \u0627\u0631\u062a\u0628\u0627\u0637 \u062e\u0627\u0635\u0629.<\/p>\r\n<p class=\"font_8\">\u064a\u0648\u062c\u062f \u0623\u064a\u0636\u064b\u0627 \u062a\u0635\u0646\u064a\u0641 \u062b\u0627\u0646\u064d \u062d\u0633\u0628 \u0645\u062f\u0629 \u0628\u0642\u0627\u0626\u0647\u0627 \u0645\u062e\u0632\u0646\u0629 \u0641\u064a \u0645\u062a\u0635\u0641\u062d \u0627\u0644\u0639\u0645\u064a\u0644\u060c<br \/>\u064a\u0645\u0643\u0646 \u0623\u0646 \u064a\u062a\u0639\u0644\u0642 \u0627\u0644\u0623\u0645\u0631 \u0628\u0640:<\/p>\r\n<p class=\"font_8\">Cookies de sesi\u00f3n:\u00a0dise\u00f1adas para recabar y almacenar datos mientras el usuario accede a una p\u00e1gina web. Se suelen emplear para almacenar informaci\u00f3n que solo interesa conservar para la prestaci\u00f3n del servicio solicitado por el usuario en una sola ocasi\u00f3n (p.e. una lista de productos adquiridos).<\/p>\r\n<p class=\"font_8\">Cookies persistentes:\u00a0los datos siguen almacenados en el terminal y pueden ser accedidos y tratados durante un periodo definido por el responsable de la cookie, y que puede ir de unos minutos a varios a\u00f1os. Por \u00faltimo, existe otra clasificaci\u00f3n con cinco tipos de cookies seg\u00fan la finalidad para la que se traten los datos obtenidos:<\/p>\r\n<p class=\"font_8\">Cookies t\u00e9cnicas:\u00a0aquellas que permiten al usuario la navegaci\u00f3n a trav\u00e9s de una p\u00e1gina web, plataforma o aplicaci\u00f3n y la utilizaci\u00f3n de las diferentes opciones o servicios que en ella existan como, por ejemplo, controlar el tr\u00e1fico y la comunicaci\u00f3n de datos, identificar la sesi\u00f3n, acceder a partes de acceso restringido, recordar los elementos que integran un pedido, realizar el proceso de compra de un pedido, realizar a solicitud de inscripci\u00f3n o participaci\u00f3n en un evento, utilizar elementos de seguridad durante la navegaci\u00f3n, almacenar contenidos para la difusi\u00f3n de v\u00eddeos o sonido o compartir contenidos a trav\u00e9s de redes sociales.<\/p>\r\n<p class=\"font_8\">Cookies de personalizaci\u00f3n:\u00a0permiten al usuario acceder al servicio con algunas caracter\u00edsticas de car\u00e1cter general predefinidas en funci\u00f3n de una serie de criterios en el terminal del usuario como por ejemplo serian el idioma, el tipo de navegador a trav\u00e9s del cual accede al servicio, la configuraci\u00f3n regional desde donde accede al servicio, etc.<\/p>\r\n<p class=\"font_8\">Cookies de an\u00e1lisis:\u00a0permiten al responsable de las mismas, el seguimiento y an\u00e1lisis del comportamiento de los usuarios de los sitios web a los que est\u00e1n vinculadas. La informaci\u00f3n recogida mediante este tipo de cookies se utiliza en la medici\u00f3n de la actividad de los sitios web, aplicaci\u00f3n o plataforma y para la elaboraci\u00f3n de perfiles de navegaci\u00f3n de los usuarios de dichos sitios, aplicaciones y plataformas, con el fin de introducir mejoras en funci\u00f3n del an\u00e1lisis de los datos de uso que hacen los usuarios del servicio.<\/p>\r\n<p class=\"font_8\">Cookies publicitarias:\u00a0permiten la gesti\u00f3n, de la forma m\u00e1s eficaz posible, de los espacios publicitarios.<\/p>\r\n<p class=\"font_8\">Cookies de publicidad comportamental:\u00a0almacenan informaci\u00f3n del comportamiento de los usuarios obtenida a trav\u00e9s de la observaci\u00f3n continuada de sus h\u00e1bitos de navegaci\u00f3n, lo que permite desarrollar un perfil espec\u00edfico para mostrar publicidad en funci\u00f3n del mismo.<\/p>\r\n<p class=\"font_8\">Cookies de redes sociales externas:\u00a0se utilizan para que los visitantes puedan interactuar con el contenido de diferentes plataformas sociales (facebook, youtube, twitter, linkedIn, etc..) y que se generen \u00fanicamente para los usuarios de dichas redes sociales. Las condiciones de utilizaci\u00f3n de estas cookies y la informaci\u00f3n recopilada se regula por la pol\u00edtica de privacidad de la plataforma social correspondiente.<\/p>\r\n<\/div>\r\n<div id=\"comp-k9pqqzon\" class=\"_1Z_nJ\" data-testid=\"richTextElement\">\r\n<h2 class=\"font_4\">\u062a\u0639\u0637\u064a\u0644 \u0648\u062d\u0630\u0641 \u0645\u0644\u0641\u0627\u062a \u062a\u0639\u0631\u064a\u0641 \u0627\u0644\u0627\u0631\u062a\u0628\u0627\u0637<\/h2>\r\n<\/div>\r\n<div id=\"comp-k9pqljo6\" class=\"_1Z_nJ\" data-testid=\"richTextElement\">\r\n<p class=\"font_8\">\u0644\u062f\u064a\u0643 \u062e\u064a\u0627\u0631 \u0627\u0644\u0633\u0645\u0627\u062d \u0628\u0645\u0644\u0641\u0627\u062a \u062a\u0639\u0631\u064a\u0641 \u0627\u0644\u0627\u0631\u062a\u0628\u0627\u0637 \u0627\u0644\u0645\u062b\u0628\u062a\u0629 \u0639\u0644\u0649 \u062c\u0647\u0627\u0632\u0643 \u0623\u0648 \u062d\u0638\u0631\u0647\u0627 \u0623\u0648 \u062d\u0630\u0641\u0647\u0627 \u0645\u0646 \u062e\u0644\u0627\u0644 \u0625\u0639\u062f\u0627\u062f\u0627\u062a \u062e\u064a\u0627\u0631\u0627\u062a \u0627\u0644\u0645\u062a\u0635\u0641\u062d \u0627\u0644\u0645\u062b\u0628\u062a \u0639\u0644\u0649 \u062c\u0647\u0627\u0632\u0643. \u0639\u0646\u062f \u062a\u0639\u0637\u064a\u0644 \u0645\u0644\u0641\u0627\u062a \u062a\u0639\u0631\u064a\u0641 \u0627\u0644\u0627\u0631\u062a\u0628\u0627\u0637\u060c \u0642\u062f \u062a\u062a\u0648\u0642\u0641 \u0628\u0639\u0636 \u0627\u0644\u062e\u062f\u0645\u0627\u062a \u0627\u0644\u0645\u062a\u0627\u062d\u0629 \u0639\u0646 \u0627\u0644\u0639\u0645\u0644. \u062a\u062e\u062a\u0644\u0641 \u0637\u0631\u064a\u0642\u0629 \u062a\u0639\u0637\u064a\u0644 \u0645\u0644\u0641\u0627\u062a \u062a\u0639\u0631\u064a\u0641 \u0627\u0644\u0627\u0631\u062a\u0628\u0627\u0637 \u0645\u0646 \u0645\u062a\u0635\u0641\u062d \u0625\u0644\u0649 \u0622\u062e\u0631\u060c \u0648\u0644\u0643\u0646 \u064a\u0645\u0643\u0646 \u0639\u0627\u062f\u0629\u064b \u0627\u0644\u0642\u064a\u0627\u0645 \u0628\u0630\u0644\u0643 \u0645\u0646 \u0642\u0627\u0626\u0645\u0629 \u0627\u0644\u0623\u062f\u0648\u0627\u062a \u0623\u0648 \u0627\u0644\u062e\u064a\u0627\u0631\u0627\u062a.<\/p>\r\n<p class=\"font_8\">\u064a\u0645\u0643\u0646\u0643 \u0623\u064a\u0636\u064b\u0627 \u0627\u0644\u0631\u062c\u0648\u0639 \u0625\u0644\u0649 \u0642\u0627\u0626\u0645\u0629 \u0627\u0644\u0645\u0633\u0627\u0639\u062f\u0629 \u0641\u064a \u0627\u0644\u0645\u062a\u0635\u0641\u062d \u062d\u064a\u062b \u064a\u0645\u0643\u0646\u0643 \u0627\u0644\u0639\u062b\u0648\u0631 \u0639\u0644\u0649 \u0627\u0644\u062a\u0639\u0644\u064a\u0645\u0627\u062a. \u064a\u0645\u0643\u0646 \u0644\u0644\u0645\u0633\u062a\u062e\u062f\u0645 \u0641\u064a \u0623\u064a \u0648\u0642\u062a \u0627\u062e\u062a\u064a\u0627\u0631 \u0645\u0644\u0641\u0627\u062a \u062a\u0639\u0631\u064a\u0641 \u0627\u0644\u0627\u0631\u062a\u0628\u0627\u0637 \u0627\u0644\u062a\u064a \u064a\u0631\u064a\u062f \u0623\u0646 \u062a\u0639\u0645\u0644 \u0639\u0644\u0649 \u0647\u0630\u0627 \u0627\u0644\u0645\u0648\u0642\u0639 \u0627\u0644\u0625\u0644\u0643\u062a\u0631\u0648\u0646\u064a.<\/p>\r\n<p class=\"font_8\">\u064a\u0645\u0643\u0646\u0643 \u0627\u0644\u0633\u0645\u0627\u062d \u0628\u0645\u0644\u0641\u0627\u062a \u062a\u0639\u0631\u064a\u0641 \u0627\u0644\u0627\u0631\u062a\u0628\u0627\u0637 \u0627\u0644\u0645\u062b\u0628\u062a\u0629 \u0639\u0644\u0649 \u062c\u0647\u0627\u0632\u0643 \u0623\u0648 \u062d\u0638\u0631\u0647\u0627 \u0623\u0648 \u062d\u0630\u0641\u0647\u0627 \u0645\u0646 \u062e\u0644\u0627\u0644 \u0625\u0639\u062f\u0627\u062f\u0627\u062a \u0627\u0644\u062e\u064a\u0627\u0631\u0627\u062a \u0627\u0644\u062e\u0627\u0635\u0629 \u0628\u0640<br \/>\u0645\u062a\u0635\u0641\u062d \u0645\u062b\u0628\u062a \u0639\u0644\u0649 \u062c\u0647\u0627\u0632 \u0627\u0644\u0643\u0645\u0628\u064a\u0648\u062a\u0631 \u0627\u0644\u062e\u0627\u0635 \u0628\u0643:<\/p>\r\n<\/div>\r\n<div id=\"comp-k9pqn5ql\" class=\"_1Z_nJ\" data-testid=\"richTextElement\">\r\n<p class=\"font_8\">Microsoft Internet Explorer \u0623\u0648 Microsoft Edge:\u00a0<a href=\"http:\/\/windows.microsoft.com\/es-es\/windows-vista\/Block-or-allow-cookies\" target=\"_blank\" rel=\"noopener\">http:\/\/windows.microsoft.com\/es-es\/windows-vista\/Block-or-allow-cookies<\/a><br \/>\u0645\u0648\u0632\u064a\u0644\u0627 \u0641\u0627\u064a\u0631\u0641\u0648\u0643\u0633:\u00a0<a href=\"http:\/\/support.mozilla.org\/es\/kb\/impedir-que-los-sitios-web-guarden-sus-preferencia\" target=\"_blank\" rel=\"noopener\">http:\/\/support.mozilla.org\/es\/kb\/impedir-que-los-sitios-web-guarden-sus-preferencia<\/a><br \/>\u0643\u0631\u0648\u0645:\u00a0<a href=\"https:\/\/support.google.com\/accounts\/answer\/61416?hl=es\" target=\"_blank\" rel=\"noopener\">https:\/\/support.google.com\/accounts\/answer\/61416?hl=es<\/a><br \/>\u0633\u0641\u0627\u0631\u064a:\u00a0<a href=\"http:\/\/safari.helpmax.net\/es\/privacidad-y-seguridad\/como-gestionar-las-cookies\/\" target=\"_blank\" rel=\"noopener\">http:\/\/safari.helpmax.net\/es\/privacidad-y-seguridad\/como-gestionar-las-cookies\/<\/a><br \/>\u0623\u0648\u0628\u0631\u0627:\u00a0<a href=\"http:\/\/help.opera.com\/Linux\/10.60\/es-ES\/cookies.html\" target=\"_blank\" rel=\"noopener\">http:\/\/help.opera.com\/Linux\/10.60\/es-ES\/cookies.html<\/a><\/p>\r\n<\/div>\r\n<\/div>","protected":false},"excerpt":{"rendered":"<p>Politica de Cookies Afrodita BCN informa acerca del uso de las cookies en su p\u00e1gina web: afroditabcn.com \u00bfQu\u00e9 son las cookies? Las cookies son archivos que se pueden descargar en su equipo a trav\u00e9s de las p\u00e1ginas web. Son herramientas que tienen un papel esencial para la prestaci\u00f3n de numerosos servicios de la sociedad de [&hellip;]<\/p>\n","protected":false},"author":11,"featured_media":0,"parent":0,"menu_order":0,"comment_status":"closed","ping_status":"closed","template":"","meta":{"footnotes":""},"class_list":["post-2040","page","type-page","status-publish","hentry"],"yoast_head":"<!-- This site is optimized with the Yoast SEO plugin v27.4 - https:\/\/yoast.com\/product\/yoast-seo-wordpress\/ -->\n<title>Pol\u00edtica de Cookies - Afrodita BCN<\/title>\n<meta name=\"robots\" content=\"noindex, nofollow\" \/>\n<meta property=\"og:locale\" content=\"ar_AR\" \/>\n<meta property=\"og:type\" content=\"article\" \/>\n<meta property=\"og:title\" content=\"Pol\u00edtica de Cookies - Afrodita BCN\" \/>\n<meta property=\"og:description\" content=\"Politica de Cookies Afrodita BCN informa acerca del uso de las cookies en su p\u00e1gina web: afroditabcn.com \u00bfQu\u00e9 son las cookies? Las cookies son archivos que se pueden descargar en su equipo a trav\u00e9s de las p\u00e1ginas web. Son herramientas que tienen un papel esencial para la prestaci\u00f3n de numerosos servicios de la sociedad de [&hellip;]\" \/>\n<meta property=\"og:url\" content=\"https:\/\/demodemo33.site\/ar\/\u0633\u064a\u0627\u0633\u0629-\u0645\u0644\u0641\u0627\u062a-\u062a\u0639\u0631\u064a\u0641-\u0627\u0644\u0627\u0631\u062a\u0628\u0627\u0637\/\" \/>\n<meta property=\"og:site_name\" content=\"Afrodita BCN\" \/>\n<meta property=\"article:modified_time\" content=\"2021-03-12T12:09:00+00:00\" \/>\n<meta property=\"og:image\" content=\"https:\/\/demodemo33.site\/wp-content\/uploads\/2024\/12\/Logo-Afrodita.png\" \/>\n\t<meta property=\"og:image:width\" content=\"264\" \/>\n\t<meta property=\"og:image:height\" content=\"156\" \/>\n\t<meta property=\"og:image:type\" content=\"image\/png\" \/>\n<meta name=\"twitter:card\" content=\"summary_large_image\" \/>\n<meta name=\"twitter:label1\" content=\"\u0648\u0642\u062a \u0627\u0644\u0642\u0631\u0627\u0621\u0629 \u0627\u0644\u0645\u064f\u0642\u062f\u0651\u0631\" \/>\n\t<meta name=\"twitter:data1\" content=\"4 \u062f\u0642\u0627\u0626\u0642\" \/>\n<script type=\"application\/ld+json\" class=\"yoast-schema-graph\">{\"@context\":\"https:\\\/\\\/schema.org\",\"@graph\":[{\"@type\":\"WebPage\",\"@id\":\"https:\\\/\\\/demodemo33.site\\\/politica-de-cookies\\\/\",\"url\":\"https:\\\/\\\/demodemo33.site\\\/politica-de-cookies\\\/\",\"name\":\"Pol\u00edtica de Cookies - Afrodita BCN\",\"isPartOf\":{\"@id\":\"https:\\\/\\\/demodemo33.site\\\/#website\"},\"datePublished\":\"2021-03-12T11:57:53+00:00\",\"dateModified\":\"2021-03-12T12:09:00+00:00\",\"breadcrumb\":{\"@id\":\"https:\\\/\\\/demodemo33.site\\\/politica-de-cookies\\\/#breadcrumb\"},\"inLanguage\":\"ar\",\"potentialAction\":[{\"@type\":\"ReadAction\",\"target\":[\"https:\\\/\\\/demodemo33.site\\\/politica-de-cookies\\\/\"]}]},{\"@type\":\"BreadcrumbList\",\"@id\":\"https:\\\/\\\/demodemo33.site\\\/politica-de-cookies\\\/#breadcrumb\",\"itemListElement\":[{\"@type\":\"ListItem\",\"position\":1,\"name\":\"Masajes Er\u00f3ticos Barcelona\",\"item\":\"https:\\\/\\\/demodemo33.site\\\/\"},{\"@type\":\"ListItem\",\"position\":2,\"name\":\"Pol\u00edtica de Cookies\"}]},{\"@type\":\"WebSite\",\"@id\":\"https:\\\/\\\/demodemo33.site\\\/#website\",\"url\":\"https:\\\/\\\/demodemo33.site\\\/\",\"name\":\"Afrodita BCN\",\"description\":\"Centro de masajes er\u00f3ticos en Barcelona\",\"publisher\":{\"@id\":\"https:\\\/\\\/demodemo33.site\\\/#organization\"},\"alternateName\":\"Afrodita BCN\",\"potentialAction\":[{\"@type\":\"SearchAction\",\"target\":{\"@type\":\"EntryPoint\",\"urlTemplate\":\"https:\\\/\\\/demodemo33.site\\\/?s={search_term_string}\"},\"query-input\":{\"@type\":\"PropertyValueSpecification\",\"valueRequired\":true,\"valueName\":\"search_term_string\"}}],\"inLanguage\":\"ar\"},{\"@type\":[\"Organization\",\"Place\",\"LocalBusiness\"],\"@id\":\"https:\\\/\\\/demodemo33.site\\\/#organization\",\"name\":\"Afrodita BCN\",\"alternateName\":\"Afrodita BCN\",\"url\":\"https:\\\/\\\/demodemo33.site\\\/\",\"logo\":{\"@id\":\"https:\\\/\\\/demodemo33.site\\\/politica-de-cookies\\\/#local-main-organization-logo\"},\"image\":{\"@id\":\"https:\\\/\\\/demodemo33.site\\\/politica-de-cookies\\\/#local-main-organization-logo\"},\"address\":{\"@id\":\"https:\\\/\\\/demodemo33.site\\\/politica-de-cookies\\\/#local-main-place-address\"},\"geo\":{\"@type\":\"GeoCoordinates\",\"latitude\":\"41.38729580\",\"longitude\":\"2.15467460\"},\"telephone\":[\"+34 658 24 86 60\"],\"contactPoint\":{\"@type\":\"ContactPoint\",\"telephone\":\"+34 658 24 86 60\",\"email\":\"info@demodemo33.site\"},\"openingHoursSpecification\":[{\"@type\":\"OpeningHoursSpecification\",\"dayOfWeek\":[\"Monday\",\"Tuesday\",\"Wednesday\",\"Thursday\",\"Friday\",\"Saturday\",\"Sunday\"],\"opens\":\"08:00\",\"closes\":\"12:00\"}],\"email\":\"info@demodemo33.site\",\"areaServed\":\"Barcelona\"},{\"@type\":\"PostalAddress\",\"@id\":\"https:\\\/\\\/demodemo33.site\\\/politica-de-cookies\\\/#local-main-place-address\",\"streetAddress\":\"Carrer de Villarroel, 142\",\"addressLocality\":\"Barcelona\",\"postalCode\":\"08036\",\"addressRegion\":\"Barcelona\",\"addressCountry\":\"ES\"},{\"@type\":\"ImageObject\",\"inLanguage\":\"ar\",\"@id\":\"https:\\\/\\\/demodemo33.site\\\/politica-de-cookies\\\/#local-main-organization-logo\",\"url\":\"https:\\\/\\\/demodemo33.site\\\/wp-content\\\/uploads\\\/2024\\\/12\\\/Logo-Afrodita.png\",\"contentUrl\":\"https:\\\/\\\/demodemo33.site\\\/wp-content\\\/uploads\\\/2024\\\/12\\\/Logo-Afrodita.png\",\"width\":264,\"height\":156,\"caption\":\"Afrodita BCN\"}]}<\/script>\n<meta name=\"geo.placename\" content=\"Barcelona\" \/>\n<meta name=\"geo.position\" content=\"41.38729580;2.15467460\" \/>\n<meta name=\"geo.region\" content=\"\u0627\u0633\u0628\u0627\u0646\u064a\u0627\" \/>\n<!-- \/ Yoast SEO plugin. -->","yoast_head_json":{"title":"\u0633\u064a\u0627\u0633\u0629 \u0645\u0644\u0641\u0627\u062a \u062a\u0639\u0631\u064a\u0641 \u0627\u0644\u0627\u0631\u062a\u0628\u0627\u0637 - Afrodita BCN","robots":{"index":"noindex","follow":"nofollow"},"og_locale":"ar_AR","og_type":"article","og_title":"Pol\u00edtica de Cookies - Afrodita BCN","og_description":"Politica de Cookies Afrodita BCN informa acerca del uso de las cookies en su p\u00e1gina web: afroditabcn.com \u00bfQu\u00e9 son las cookies? Las cookies son archivos que se pueden descargar en su equipo a trav\u00e9s de las p\u00e1ginas web. Son herramientas que tienen un papel esencial para la prestaci\u00f3n de numerosos servicios de la sociedad de [&hellip;]","og_url":"https:\/\/demodemo33.site\/ar\/\u0633\u064a\u0627\u0633\u0629-\u0645\u0644\u0641\u0627\u062a-\u062a\u0639\u0631\u064a\u0641-\u0627\u0644\u0627\u0631\u062a\u0628\u0627\u0637\/","og_site_name":"Afrodita BCN","article_modified_time":"2021-03-12T12:09:00+00:00","og_image":[{"width":264,"height":156,"url":"https:\/\/demodemo33.site\/wp-content\/uploads\/2024\/12\/Logo-Afrodita.png","type":"image\/png"}],"twitter_card":"summary_large_image","twitter_misc":{"\u0648\u0642\u062a \u0627\u0644\u0642\u0631\u0627\u0621\u0629 \u0627\u0644\u0645\u064f\u0642\u062f\u0651\u0631":"4 \u062f\u0642\u0627\u0626\u0642"},"schema":{"@context":"https:\/\/schema.org","@graph":[{"@type":"WebPage","@id":"https:\/\/demodemo33.site\/politica-de-cookies\/","url":"https:\/\/demodemo33.site\/politica-de-cookies\/","name":"\u0633\u064a\u0627\u0633\u0629 \u0645\u0644\u0641\u0627\u062a \u062a\u0639\u0631\u064a\u0641 \u0627\u0644\u0627\u0631\u062a\u0628\u0627\u0637 - Afrodita BCN","isPartOf":{"@id":"https:\/\/demodemo33.site\/#website"},"datePublished":"2021-03-12T11:57:53+00:00","dateModified":"2021-03-12T12:09:00+00:00","breadcrumb":{"@id":"https:\/\/demodemo33.site\/politica-de-cookies\/#breadcrumb"},"inLanguage":"ar","potentialAction":[{"@type":"ReadAction","target":["https:\/\/demodemo33.site\/politica-de-cookies\/"]}]},{"@type":"BreadcrumbList","@id":"https:\/\/demodemo33.site\/politica-de-cookies\/#breadcrumb","itemListElement":[{"@type":"ListItem","position":1,"name":"Masajes Er\u00f3ticos Barcelona","item":"https:\/\/demodemo33.site\/"},{"@type":"ListItem","position":2,"name":"Pol\u00edtica de Cookies"}]},{"@type":"WebSite","@id":"https:\/\/demodemo33.site\/#website","url":"https:\/\/demodemo33.site\/","name":"Afrodita BCN","description":"\u0645\u0631\u0643\u0632 \u062a\u062f\u0644\u064a\u0643 \u0625\u064a\u0631\u0648\u062a\u064a\u0643\u064a \u0641\u064a \u0628\u0631\u0634\u0644\u0648\u0646\u0629","publisher":{"@id":"https:\/\/demodemo33.site\/#organization"},"alternateName":"Afrodita BCN","potentialAction":[{"@type":"SearchAction","target":{"@type":"EntryPoint","urlTemplate":"https:\/\/demodemo33.site\/?s={search_term_string}"},"query-input":{"@type":"PropertyValueSpecification","valueRequired":true,"valueName":"search_term_string"}}],"inLanguage":"ar"},{"@type":["Organization","Place","LocalBusiness"],"@id":"https:\/\/demodemo33.site\/#organization","name":"Afrodita BCN","alternateName":"Afrodita BCN","url":"https:\/\/demodemo33.site\/","logo":{"@id":"https:\/\/demodemo33.site\/politica-de-cookies\/#local-main-organization-logo"},"image":{"@id":"https:\/\/demodemo33.site\/politica-de-cookies\/#local-main-organization-logo"},"address":{"@id":"https:\/\/demodemo33.site\/politica-de-cookies\/#local-main-place-address"},"geo":{"@type":"GeoCoordinates","latitude":"41.38729580","longitude":"2.15467460"},"telephone":["+34 658 24 86 60"],"contactPoint":{"@type":"ContactPoint","telephone":"+34 658 24 86 60","email":"info@demodemo33.site"},"openingHoursSpecification":[{"@type":"OpeningHoursSpecification","dayOfWeek":["Monday","Tuesday","Wednesday","Thursday","Friday","Saturday","Sunday"],"opens":"08:00","closes":"12:00"}],"email":"info@demodemo33.site","areaServed":"Barcelona"},{"@type":"PostalAddress","@id":"https:\/\/demodemo33.site\/politica-de-cookies\/#local-main-place-address","streetAddress":"Carrer de Villarroel, 142","addressLocality":"Barcelona","postalCode":"08036","addressRegion":"Barcelona","addressCountry":"ES"},{"@type":"ImageObject","inLanguage":"ar","@id":"https:\/\/demodemo33.site\/politica-de-cookies\/#local-main-organization-logo","url":"https:\/\/demodemo33.site\/wp-content\/uploads\/2024\/12\/Logo-Afrodita.png","contentUrl":"https:\/\/demodemo33.site\/wp-content\/uploads\/2024\/12\/Logo-Afrodita.png","width":264,"height":156,"caption":"Afrodita BCN"}]},"geo.placename":"Barcelona","geo.position":{"lat":"41.38729580","long":"2.15467460"},"geo.region":"\u0627\u0633\u0628\u0627\u0646\u064a\u0627"},"_links":{"self":[{"href":"https:\/\/demodemo33.site\/ar\/wp-json\/wp\/v2\/pages\/2040","targetHints":{"allow":["GET"]}}],"collection":[{"href":"https:\/\/demodemo33.site\/ar\/wp-json\/wp\/v2\/pages"}],"about":[{"href":"https:\/\/demodemo33.site\/ar\/wp-json\/wp\/v2\/types\/page"}],"author":[{"embeddable":true,"href":"https:\/\/demodemo33.site\/ar\/wp-json\/wp\/v2\/users\/11"}],"replies":[{"embeddable":true,"href":"https:\/\/demodemo33.site\/ar\/wp-json\/wp\/v2\/comments?post=2040"}],"version-history":[{"count":0,"href":"https:\/\/demodemo33.site\/ar\/wp-json\/wp\/v2\/pages\/2040\/revisions"}],"wp:attachment":[{"href":"https:\/\/demodemo33.site\/ar\/wp-json\/wp\/v2\/media?parent=2040"}],"curies":[{"name":"wp","href":"https:\/\/api.w.org\/{rel}","templated":true}]}}